{"id":192,"date":"2022-10-04T08:39:05","date_gmt":"2022-10-04T06:39:05","guid":{"rendered":"https:\/\/www.raphaelgthl.com\/?page_id=192"},"modified":"2023-10-19T21:44:28","modified_gmt":"2023-10-19T19:44:28","slug":"reportages","status":"publish","type":"page","link":"https:\/\/www.raphaelgthl.com\/index.php\/reportages\/","title":{"rendered":"Reportage"},"content":{"rendered":"<div  class=\"one\" >\n<div class=\"standard_wrapper\">\n<div id=\"1697744668122753632\" class=\"portfolio_filter_wrapper portfolio-content content gallery two_cols contain\" data-columns=\"2\">\n<div class=\"element grid  classic2_cols kenburns\">\n<div class=\"one_half gallery2 static filterable gallery_type animated1 hover_display archive\"><a href=\"https:\/\/www.raphaelgthl.com\/index.php\/galleries\/mda\/\" data-title=\"\" data-desc=\"\" data-thumb=\"https:\/\/www.raphaelgthl.com\/wp-content\/uploads\/2022\/10\/MDA-350k-1-300x200.jpg\"  class=\"\"><\/p>\n<div class=\"gallery_archive_desc\">\n<div class=\"gallery_archive_desc_content\">\n<div class=\"gallery_archive_desc_inner\">\n<h4>Magen David Adom<\/h4>\n<div class=\"post_detail\">Constitu\u00e9 de 15.000 hommes et femmes (dont 90% de volontaires), le Magen David Adom (MDA) est un des organismes humanitaires en charge des urgences m\u00e9dicales en Israel. Leurs efforts se concentrent sur les interventions d\u2019urgences et la gestion la banque du sang.<\/div>\n<\/div>\n<\/div>\n<\/div>\n<ul class=\"gallery_img_slides\">\n<li><img decoding=\"async\" src=\"https:\/\/www.raphaelgthl.com\/wp-content\/uploads\/2022\/10\/MDA-350k-1-705x529.jpg\" alt=\"\" class=\"static\"\/><\/li>\n<li><img decoding=\"async\" src=\"https:\/\/www.raphaelgthl.com\/wp-content\/uploads\/2022\/10\/MDA-350k-2-705x529.jpg\" alt=\"\" class=\"static\"\/><\/li>\n<li><img decoding=\"async\" src=\"https:\/\/www.raphaelgthl.com\/wp-content\/uploads\/2022\/10\/MDA-350k-3-705x529.jpg\" alt=\"\" class=\"static\"\/><\/li>\n<li><img decoding=\"async\" src=\"https:\/\/www.raphaelgthl.com\/wp-content\/uploads\/2022\/10\/MDA-350k-4-705x529.jpg\" alt=\"\" class=\"static\"\/><\/li>\n<li><img decoding=\"async\" src=\"https:\/\/www.raphaelgthl.com\/wp-content\/uploads\/2022\/10\/MDA-350k-5-705x529.jpg\" alt=\"\" class=\"static\"\/><\/li>\n<\/ul>\n<p><img decoding=\"async\" src=\"https:\/\/www.raphaelgthl.com\/wp-content\/uploads\/2022\/10\/MDA-350k-1-705x529.jpg\" alt=\"Magen David Adom\" class=\"preview\"\/><\/a><\/div>\n<\/div>\n<div class=\"element grid  classic2_cols kenburns\">\n<div class=\"one_half gallery2 static filterable gallery_type animated2 hover_display archive\"><a href=\"https:\/\/www.raphaelgthl.com\/index.php\/galleries\/post-it-hong-kong\/\" data-title=\"Hong-Kong\" data-desc=\"\" data-thumb=\"https:\/\/www.raphaelgthl.com\/wp-content\/uploads\/2022\/10\/Post-It-HKG-1-300x225.jpg\"  class=\"\"><\/p>\n<div class=\"gallery_archive_desc\">\n<div class=\"gallery_archive_desc_content\">\n<div class=\"gallery_archive_desc_inner\">\n<h4>Post It Hong Kong<\/h4>\n<div class=\"post_detail\">La r\u00e9volution des parapluies. Hong-Kong.<\/p>\n<p>Automne 2014, le collectif \u201coccupy Central with Love &#038; Peace\u201d manifeste dans les rues de Hong-Kong. Ils s\u2019opposent au gouvernement chinois qui souhaite limiter la port\u00e9e du suffrage universel pour l\u2019election du chef de l\u2019executif de Hong-Kong. Le gouvernement chinois renoncera \u00e0 son projet l\u2019ann\u00e9e suivante.<\/p><\/div>\n<\/div>\n<\/div>\n<\/div>\n<ul class=\"gallery_img_slides\">\n<li><img decoding=\"async\" src=\"https:\/\/www.raphaelgthl.com\/wp-content\/uploads\/2022\/10\/Post-It-HKG-1-705x529.jpg\" alt=\"\" class=\"static\"\/><\/li>\n<li><img decoding=\"async\" src=\"https:\/\/www.raphaelgthl.com\/wp-content\/uploads\/2022\/10\/Post-It-HKG-2-705x529.jpg\" alt=\"\" class=\"static\"\/><\/li>\n<li><img decoding=\"async\" src=\"https:\/\/www.raphaelgthl.com\/wp-content\/uploads\/2022\/10\/Post-It-HKG-3-705x529.jpg\" alt=\"\" class=\"static\"\/><\/li>\n<li><img decoding=\"async\" src=\"https:\/\/www.raphaelgthl.com\/wp-content\/uploads\/2022\/10\/Post-It-HKG-4-705x529.jpg\" alt=\"\" class=\"static\"\/><\/li>\n<li><img decoding=\"async\" src=\"https:\/\/www.raphaelgthl.com\/wp-content\/uploads\/2022\/10\/Post-It-HKG-5-705x529.jpg\" alt=\"\" class=\"static\"\/><\/li>\n<\/ul>\n<p><img decoding=\"async\" src=\"https:\/\/www.raphaelgthl.com\/wp-content\/uploads\/2022\/10\/Post-It-HKG-1-705x529.jpg\" alt=\"Post It Hong Kong\" class=\"preview\"\/><\/a><\/div>\n<\/div>\n<div class=\"element grid  classic2_cols kenburns\">\n<div class=\"one_half gallery2 static filterable gallery_type animated3 hover_display archive\"><a href=\"https:\/\/www.raphaelgthl.com\/index.php\/galleries\/plantes-nurserie\/\" data-title=\"Apparition des cotyledons\nKfar Yedidya, Israel\" data-desc=\"\" data-thumb=\"https:\/\/www.raphaelgthl.com\/wp-content\/uploads\/2022\/10\/Plant-Nursery-1-300x202.jpg\"  class=\"\"><\/p>\n<div class=\"gallery_archive_desc\">\n<div class=\"gallery_archive_desc_content\">\n<div class=\"gallery_archive_desc_inner\">\n<h4>Une nurserie de pousses High-Tech<\/h4>\n<div class=\"post_detail\">Une nurserie High Tech de pousses. Pour que des fruits et l\u00e9gumes poussent en zone aride, planter une graine ne suffit pas. L&#8217;alliance de la technologie et du savoir-faire est une solution pour optimiser les ressources et maximiser la production.<\/div>\n<\/div>\n<\/div>\n<\/div>\n<ul class=\"gallery_img_slides\">\n<li><img decoding=\"async\" src=\"https:\/\/www.raphaelgthl.com\/wp-content\/uploads\/2022\/10\/Plant-Nursery-1-705x529.jpg\" alt=\"\" class=\"static\"\/><\/li>\n<li><img decoding=\"async\" src=\"https:\/\/www.raphaelgthl.com\/wp-content\/uploads\/2022\/10\/Plant-Nursery-2-705x529.jpg\" alt=\"\" class=\"static\"\/><\/li>\n<li><img decoding=\"async\" src=\"https:\/\/www.raphaelgthl.com\/wp-content\/uploads\/2022\/10\/Plant-Nursery-3-705x529.jpg\" alt=\"\" class=\"static\"\/><\/li>\n<li><img decoding=\"async\" src=\"https:\/\/www.raphaelgthl.com\/wp-content\/uploads\/2022\/10\/Plant-Nursery-4-705x529.jpg\" alt=\"\" class=\"static\"\/><\/li>\n<li><img decoding=\"async\" src=\"https:\/\/www.raphaelgthl.com\/wp-content\/uploads\/2022\/10\/Plant-Nursery-5-705x529.jpg\" alt=\"\" class=\"static\"\/><\/li>\n<\/ul>\n<p><img decoding=\"async\" src=\"https:\/\/www.raphaelgthl.com\/wp-content\/uploads\/2022\/10\/Plant-Nursery-1-705x529.jpg\" alt=\"Une nurserie de pousses High-Tech\" class=\"preview\"\/><\/a><\/div>\n<\/div>\n<div class=\"element grid  classic2_cols kenburns\">\n<div class=\"one_half gallery2 static filterable gallery_type animated4 hover_display archive\"><a href=\"https:\/\/www.raphaelgthl.com\/index.php\/galleries\/street-poets-at-el-rastro-flea-market\/\" data-title=\"\" data-desc=\"\" data-thumb=\"https:\/\/www.raphaelgthl.com\/wp-content\/uploads\/2022\/12\/Poetes-de-rue-1-300x200.jpg\"  class=\"\"><\/p>\n<div class=\"gallery_archive_desc\">\n<div class=\"gallery_archive_desc_content\">\n<div class=\"gallery_archive_desc_inner\">\n<h4>Street poets at El Rastro flea market<\/h4>\n<div class=\"post_detail\"><\/div>\n<\/div>\n<\/div>\n<\/div>\n<ul class=\"gallery_img_slides\">\n<li><img decoding=\"async\" src=\"https:\/\/www.raphaelgthl.com\/wp-content\/uploads\/2022\/12\/Poetes-de-rue-1-705x529.jpg\" alt=\"\" class=\"static\"\/><\/li>\n<li><img decoding=\"async\" src=\"https:\/\/www.raphaelgthl.com\/wp-content\/uploads\/2022\/12\/Poetes-de-rue-2-640x529.jpg\" alt=\"\" class=\"static\"\/><\/li>\n<li><img decoding=\"async\" src=\"https:\/\/www.raphaelgthl.com\/wp-content\/uploads\/2022\/12\/Poetes-de-rue-3-705x529.jpg\" alt=\"\" class=\"static\"\/><\/li>\n<li><img decoding=\"async\" src=\"https:\/\/www.raphaelgthl.com\/wp-content\/uploads\/2022\/12\/Poetes-de-rue-4-640x529.jpg\" alt=\"\" class=\"static\"\/><\/li>\n<li><img decoding=\"async\" src=\"https:\/\/www.raphaelgthl.com\/wp-content\/uploads\/2022\/12\/Poetes-de-rue-5-705x529.jpg\" alt=\"\" class=\"static\"\/><\/li>\n<\/ul>\n<p><img decoding=\"async\" src=\"https:\/\/www.raphaelgthl.com\/wp-content\/uploads\/2022\/12\/Poetes-de-rue-1-705x529.jpg\" alt=\"Street poets at El Rastro flea market\" class=\"preview\"\/><\/a><\/div>\n<\/div>\n<div class=\"element grid  classic2_cols kenburns\">\n<div class=\"one_half gallery2 static filterable gallery_type animated5 hover_display archive\"><a href=\"https:\/\/www.raphaelgthl.com\/index.php\/galleries\/israel-tel-aviv-mars-2023-manifestation-contre-la-reforme-de-la-justice\/\" data-title=\"ISRAEL, TEL AVIV, 2023-03-04. Demonstration against the Justice Reform  to increase the power of Prime Minister Netanyahu. Photographies de Raphael Gotheil \/ Hans Lucas.\nISRAEL, TEL AVIV, 2023-03-04. Manifestation contre la reforme de la justice visant a accroitre les pouvoirs du Premier Ministre Netanyahu. Photograph by Raphael Gotheil \/ Hans Lucas.\" data-desc=\"\" data-thumb=\"https:\/\/www.raphaelgthl.com\/wp-content\/uploads\/2023\/03\/04032023-MANIF-NETANYAHU-007-300x200.jpg\"  class=\"\"><\/p>\n<div class=\"gallery_archive_desc\">\n<div class=\"gallery_archive_desc_content\">\n<div class=\"gallery_archive_desc_inner\">\n<h4>Israel, Tel-Aviv, Mars 2023, Manifestation contre la r\u00e9forme de la Justice<\/h4>\n<div class=\"post_detail\">Manifestation contre la reforme de la justice visant a accroitre les pouvoirs du Premier Ministre Netanyahu.<\/div>\n<\/div>\n<\/div>\n<\/div>\n<ul class=\"gallery_img_slides\">\n<li><img decoding=\"async\" src=\"https:\/\/www.raphaelgthl.com\/wp-content\/uploads\/2023\/03\/RGOTHEIL-PROTEST-NETANYAHU-JUDICAL-REFORM-001-705x529.jpg\" alt=\"\" class=\"static\"\/><\/li>\n<li><img decoding=\"async\" src=\"https:\/\/www.raphaelgthl.com\/wp-content\/uploads\/2023\/03\/RGOTHEIL-PROTEST-NETANYAHU-JUDICAL-REFORM-002-705x529.jpg\" alt=\"\" class=\"static\"\/><\/li>\n<li><img decoding=\"async\" src=\"https:\/\/www.raphaelgthl.com\/wp-content\/uploads\/2023\/03\/RGOTHEIL-PROTEST-NETANYAHU-JUDICAL-REFORM-003-705x529.jpg\" alt=\"\" class=\"static\"\/><\/li>\n<li><img decoding=\"async\" src=\"https:\/\/www.raphaelgthl.com\/wp-content\/uploads\/2023\/03\/RGOTHEIL-PROTEST-NETANYAHU-JUDICAL-REFORM-004-705x529.jpg\" alt=\"\" class=\"static\"\/><\/li>\n<li><img decoding=\"async\" src=\"https:\/\/www.raphaelgthl.com\/wp-content\/uploads\/2023\/03\/RGOTHEIL-PROTEST-NETANYAHU-JUDICAL-REFORM-005-705x529.jpg\" alt=\"\" class=\"static\"\/><\/li>\n<\/ul>\n<p><img decoding=\"async\" src=\"https:\/\/www.raphaelgthl.com\/wp-content\/uploads\/2023\/03\/04032023-MANIF-NETANYAHU-007-705x529.jpg\" alt=\"Israel, Tel-Aviv, Mars 2023, Manifestation contre la r\u00e9forme de la Justice\" class=\"preview\"\/><\/a><\/div>\n<\/div>\n<div class=\"element grid  classic2_cols kenburns\">\n<div class=\"one_half gallery2 static filterable gallery_type animated6 hover_display archive\"><a href=\"https:\/\/www.raphaelgthl.com\/index.php\/galleries\/orthodox-funky\/\" data-title=\"ISRAEL, HEBRON, 2023-03-07. During the parade in Hebron street, a group of Breslev dance on top of a truck. Photography by Raphael Gotheil \/ Hans Lucas.\nISRAEL, HEBRON, 2023-03-07. Pendant la parade de Pourim dans les rues d Hebron, un groupe de Breslev dance sur le toit d un camion. Photographie par Raphael Gotheil \/ Hans Lucas.\" data-desc=\"\" data-thumb=\"https:\/\/www.raphaelgthl.com\/wp-content\/uploads\/2023\/10\/2023-Breslev-01-300x200.jpg\"  class=\"\"><\/p>\n<div class=\"gallery_archive_desc\">\n<div class=\"gallery_archive_desc_content\">\n<div class=\"gallery_archive_desc_inner\">\n<h4>Orthodox &#038; Funky<\/h4>\n<div class=\"post_detail\">L&#8217;orthodoxie religieuse n&#8217;est pas forc\u00e9ment aust\u00e8re. L&#8217;approche des Breslev est de servir Dieu avec joie, simplicit\u00e9, sinc\u00e9rit\u00e9 et de vivre la vie aussi intens\u00e9ment que possible.<\/div>\n<\/div>\n<\/div>\n<\/div>\n<ul class=\"gallery_img_slides\">\n<li><img decoding=\"async\" src=\"https:\/\/www.raphaelgthl.com\/wp-content\/uploads\/2023\/10\/2023-Breslev-01-705x529.jpg\" alt=\"\" class=\"static\"\/><\/li>\n<li><img decoding=\"async\" src=\"https:\/\/www.raphaelgthl.com\/wp-content\/uploads\/2023\/10\/2023-Breslev-02-705x529.jpg\" alt=\"\" class=\"static\"\/><\/li>\n<li><img decoding=\"async\" src=\"https:\/\/www.raphaelgthl.com\/wp-content\/uploads\/2023\/10\/2023-Breslev-03-705x529.jpg\" alt=\"\" class=\"static\"\/><\/li>\n<li><img decoding=\"async\" src=\"https:\/\/www.raphaelgthl.com\/wp-content\/uploads\/2023\/10\/2023-Breslev-04-705x529.jpg\" alt=\"\" class=\"static\"\/><\/li>\n<li><img decoding=\"async\" src=\"https:\/\/www.raphaelgthl.com\/wp-content\/uploads\/2023\/10\/2023-Breslev-05-705x529.jpg\" alt=\"\" class=\"static\"\/><\/li>\n<\/ul>\n<p><img decoding=\"async\" src=\"https:\/\/www.raphaelgthl.com\/wp-content\/uploads\/2023\/10\/2023-Breslev-01-705x529.jpg\" alt=\"Orthodox &amp; Funky\" class=\"preview\"\/><\/a><\/div>\n<\/div>\n<div class=\"element grid  classic2_cols kenburns\">\n<div class=\"one_half gallery2 static filterable gallery_type animated7 hover_display archive\"><a href=\"https:\/\/www.raphaelgthl.com\/index.php\/galleries\/arabs-jews-saving-lives-together\/\" data-title=\"ISRAEL, TEL AVIV, 2023-03-30. Ysrael, an orthodox jew paramedic and Areen, an Muslim Arab Israeli paramedic discuss inside an intensive care ambulance of Magen David Adom about the next urgency to be taken care of. Photography by Raphael Gotheil \/ Hans Lucas.\nISRAEL, TEL AVIV, 2023-03-30. Ysrael, urgentiste juif orthodoxe et Areen, urgentiste arabe israelienne de confession Musulmane discutent dans une ambulance de soin intensif du Maguen David Adom de la prochaine intervention d urgence. Photographie Raphael Gotheil \/ Hans Lucas.\" data-desc=\"\" data-thumb=\"https:\/\/www.raphaelgthl.com\/wp-content\/uploads\/2023\/10\/2023-MDA-mixity-14-300x200.jpg\"  class=\"\"><\/p>\n<div class=\"gallery_archive_desc\">\n<div class=\"gallery_archive_desc_content\">\n<div class=\"gallery_archive_desc_inner\">\n<h4>Arabs &#038; Jews saving lives together<\/h4>\n<div class=\"post_detail\"><\/div>\n<\/div>\n<\/div>\n<\/div>\n<ul class=\"gallery_img_slides\">\n<li><img decoding=\"async\" src=\"https:\/\/www.raphaelgthl.com\/wp-content\/uploads\/2023\/10\/2023-MDA-mixity-01-705x529.jpg\" alt=\"\" class=\"static\"\/><\/li>\n<li><img decoding=\"async\" src=\"https:\/\/www.raphaelgthl.com\/wp-content\/uploads\/2023\/10\/2023-MDA-mixity-02-705x529.jpg\" alt=\"\" class=\"static\"\/><\/li>\n<li><img decoding=\"async\" src=\"https:\/\/www.raphaelgthl.com\/wp-content\/uploads\/2023\/10\/2023-MDA-mixity-03-705x529.jpg\" alt=\"\" class=\"static\"\/><\/li>\n<li><img decoding=\"async\" src=\"https:\/\/www.raphaelgthl.com\/wp-content\/uploads\/2023\/10\/2023-MDA-mixity-04-705x529.jpg\" alt=\"\" class=\"static\"\/><\/li>\n<li><img decoding=\"async\" src=\"https:\/\/www.raphaelgthl.com\/wp-content\/uploads\/2023\/10\/2023-MDA-mixity-05-705x529.jpg\" alt=\"\" class=\"static\"\/><\/li>\n<\/ul>\n<p><img decoding=\"async\" src=\"https:\/\/www.raphaelgthl.com\/wp-content\/uploads\/2023\/10\/2023-MDA-mixity-14-705x529.jpg\" alt=\"Arabs &amp; Jews saving lives together\" class=\"preview\"\/><\/a><\/div>\n<\/div>\n<div class=\"element grid  classic2_cols kenburns\">\n<div class=\"one_half gallery2 static filterable gallery_type animated8 hover_display archive\"><a href=\"https:\/\/www.raphaelgthl.com\/index.php\/galleries\/ou-vont-les-valises-apres-lenregistrement\/\" data-title=\"FRANCE, PARIS, 2023-07-26. From check-in to the airplane, luggages travel thru long carousel and security checks. Once on the tarmac, handler manualy loads luggages into the plane. Photograph Raphael Gotheil \/ Hans Lucas.\nFRANCE, PARIS, 2023-07-26. De l enregistrement a la soute de l avion, les bagages suivent de longs tapis roulant et controles de securite. Une fos sur le tarmac les bagages sont manuellement deposes introduits dans l avion. Photographe Raphael Gotheil \/ Hans Lucas.\" data-desc=\"\" data-thumb=\"https:\/\/www.raphaelgthl.com\/wp-content\/uploads\/2023\/10\/2023-Valise-01-1-300x200.jpg\"  class=\"\"><\/p>\n<div class=\"gallery_archive_desc\">\n<div class=\"gallery_archive_desc_content\">\n<div class=\"gallery_archive_desc_inner\">\n<h4>Ou vont les valises apr\u00e8s l&#8217;enregistrement ?<\/h4>\n<div class=\"post_detail\">Qui ne s\u2019est pas demand\u00e9 quel \u00e9tait le parcours des bagages entre le tapis d\u2019enregistrement et la soute de l\u2019avion ? Source d\u2019angoisses pour certains, craintes de mauvais<br \/>\ntraitements\u2026ou tout simplement de perdre sa pr\u00e9cieuse valise.<\/div>\n<\/div>\n<\/div>\n<\/div>\n<ul class=\"gallery_img_slides\">\n<li><img decoding=\"async\" src=\"https:\/\/www.raphaelgthl.com\/wp-content\/uploads\/2023\/10\/2023-Valise-01-2-705x529.jpg\" alt=\"\" class=\"static\"\/><\/li>\n<li><img decoding=\"async\" src=\"https:\/\/www.raphaelgthl.com\/wp-content\/uploads\/2023\/10\/2023-Valise-02-2-705x529.jpg\" alt=\"\" class=\"static\"\/><\/li>\n<li><img decoding=\"async\" src=\"https:\/\/www.raphaelgthl.com\/wp-content\/uploads\/2023\/10\/2023-Valise-03-705x529.jpg\" alt=\"\" class=\"static\"\/><\/li>\n<li><img decoding=\"async\" src=\"https:\/\/www.raphaelgthl.com\/wp-content\/uploads\/2023\/10\/2023-Valise-04-705x529.jpg\" alt=\"\" class=\"static\"\/><\/li>\n<li><img decoding=\"async\" src=\"https:\/\/www.raphaelgthl.com\/wp-content\/uploads\/2023\/10\/2023-Valise-05-705x529.jpg\" alt=\"\" class=\"static\"\/><\/li>\n<\/ul>\n<p><img decoding=\"async\" src=\"https:\/\/www.raphaelgthl.com\/wp-content\/uploads\/2023\/10\/2023-Valise-01-1-scaled.jpg\" alt=\"Ou vont les valises apr\u00e8s l&#039;enregistrement ?\" class=\"preview\"\/><\/a><\/div>\n<\/div>\n<div class=\"element grid  classic2_cols kenburns\">\n<div class=\"one_half gallery2 static filterable gallery_type animated9 hover_display archive\"><a href=\"https:\/\/www.raphaelgthl.com\/index.php\/galleries\/le-panama-vient-dequateur\/\" data-title=\"ECUADOR, SIGSIG, 2023-08-11. Panama hats are ecuadorian, they are part of the country history. A woman weaves a Panama hat. Photograph Raphael Gotheil \/ Hans Lucas.\nECUADOR, SIGSIG, 2023-08-11. Le chapeau de Panama vient d Equateur et fait parti de l histoire du pays. Une femme assise tisse un chapeau de Panama. Photographe Raphael Gotheil \/ Hans Lucas.\" data-desc=\"\" data-thumb=\"https:\/\/www.raphaelgthl.com\/wp-content\/uploads\/2023\/10\/2023-Panama-01-300x200.jpg\"  class=\"\"><\/p>\n<div class=\"gallery_archive_desc\">\n<div class=\"gallery_archive_desc_content\">\n<div class=\"gallery_archive_desc_inner\">\n<h4>Le Panama vient d&#8217;Equateur !<\/h4>\n<div class=\"post_detail\"><\/div>\n<\/div>\n<\/div>\n<\/div>\n<ul class=\"gallery_img_slides\">\n<li><img decoding=\"async\" src=\"https:\/\/www.raphaelgthl.com\/wp-content\/uploads\/2023\/10\/2023-Panama-01-705x529.jpg\" alt=\"\" class=\"static\"\/><\/li>\n<li><img decoding=\"async\" src=\"https:\/\/www.raphaelgthl.com\/wp-content\/uploads\/2023\/10\/2023-Panama-02-705x529.jpg\" alt=\"\" class=\"static\"\/><\/li>\n<li><img decoding=\"async\" src=\"https:\/\/www.raphaelgthl.com\/wp-content\/uploads\/2023\/10\/2023-Panama-03-705x529.jpg\" alt=\"\" class=\"static\"\/><\/li>\n<li><img decoding=\"async\" src=\"https:\/\/www.raphaelgthl.com\/wp-content\/uploads\/2023\/10\/2023-Panama-04-705x529.jpg\" alt=\"\" class=\"static\"\/><\/li>\n<li><img decoding=\"async\" src=\"https:\/\/www.raphaelgthl.com\/wp-content\/uploads\/2023\/10\/2023-Panama-05-705x529.jpg\" alt=\"\" class=\"static\"\/><\/li>\n<\/ul>\n<p><img decoding=\"async\" src=\"https:\/\/www.raphaelgthl.com\/wp-content\/uploads\/2023\/10\/2023-Panama-01-705x529.jpg\" alt=\"Le Panama vient d&#039;Equateur !\" class=\"preview\"\/><\/a><\/div>\n<\/div>\n<\/div>\n<\/div>\n<\/div>\n","protected":false},"excerpt":{"rendered":"","protected":false},"author":1,"featured_media":0,"parent":0,"menu_order":0,"comment_status":"closed","ping_status":"closed","template":"","meta":{"footnotes":""},"class_list":["post-192","page","type-page","status-publish","hentry"],"_links":{"self":[{"href":"https:\/\/www.raphaelgthl.com\/index.php\/wp-json\/wp\/v2\/pages\/192","targetHints":{"allow":["GET"]}}],"collection":[{"href":"https:\/\/www.raphaelgthl.com\/index.php\/wp-json\/wp\/v2\/pages"}],"about":[{"href":"https:\/\/www.raphaelgthl.com\/index.php\/wp-json\/wp\/v2\/types\/page"}],"author":[{"embeddable":true,"href":"https:\/\/www.raphaelgthl.com\/index.php\/wp-json\/wp\/v2\/users\/1"}],"replies":[{"embeddable":true,"href":"https:\/\/www.raphaelgthl.com\/index.php\/wp-json\/wp\/v2\/comments?post=192"}],"version-history":[{"count":15,"href":"https:\/\/www.raphaelgthl.com\/index.php\/wp-json\/wp\/v2\/pages\/192\/revisions"}],"predecessor-version":[{"id":659,"href":"https:\/\/www.raphaelgthl.com\/index.php\/wp-json\/wp\/v2\/pages\/192\/revisions\/659"}],"wp:attachment":[{"href":"https:\/\/www.raphaelgthl.com\/index.php\/wp-json\/wp\/v2\/media?parent=192"}],"curies":[{"name":"wp","href":"https:\/\/api.w.org\/{rel}","templated":true}]}}